{"id":2686,"date":"2025-03-26T21:31:49","date_gmt":"2025-03-26T21:31:49","guid":{"rendered":"https:\/\/mediumblue-cat-817189.hostingersite.com\/contact\/"},"modified":"2025-03-27T18:00:44","modified_gmt":"2025-03-27T18:00:44","slug":"contact","status":"publish","type":"page","link":"https:\/\/corpoequilibrado.com.br\/en\/contact\/","title":{"rendered":"Contact"},"content":{"rendered":"<div data-elementor-type=\"wp-page\" data-elementor-id=\"2686\" class=\"elementor elementor-2686\" data-elementor-post-type=\"page\">\n\t\t\t\t<div class=\"elementor-element elementor-element-2312a167 e-con-full e-flex e-con e-parent\" data-id=\"2312a167\" data-element_type=\"container\" data-e-type=\"container\">\n\t\t\t\t<div class=\"elementor-element elementor-element-e53bd0c elementor-widget elementor-widget-text-editor\" data-id=\"e53bd0c\" data-element_type=\"widget\" data-e-type=\"widget\" data-widget_type=\"text-editor.default\">\n\t\t\t\t<div class=\"elementor-widget-container\">\n\t\t\t\t\t\t\t\t\t<h1>Contact<\/h1>\n<p>If you wish to contact us, whether to ask questions, send suggestions, propose partnerships or report a problem on the website, feel free to write to us.<\/p>\n<p>You can send an email directly to: <a href=\"mailto:blog.corpoequilibrado@gmail.com\">blog.corpoequilibrado@gmail.com<\/a><\/p>\n<p>We will respond as soon as possible.<\/p>\n<p>Thank you for visiting Corpo Equilibrado!<\/p>\t\t\t\t\t\t\t\t<\/div>\n\t\t\t\t<\/div>\n\t\t\t\t<\/div>\n\t\t\t\t<\/div>","protected":false},"excerpt":{"rendered":"<p>Contato Se voc\u00ea deseja entrar em contato conosco, seja para tirar d\u00favidas, enviar sugest\u00f5es, propor parcerias ou reportar algum problema no site, fique \u00e0 vontade para nos escrever. Voc\u00ea pode enviar um e-mail diretamente para: blog.corpoequilibrado@gmail.com Responderemos o mais r\u00e1pido [&hellip;]<\/p>","protected":false},"author":1,"featured_media":0,"parent":0,"menu_order":0,"comment_status":"closed","ping_status":"closed","template":"","meta":{"_uag_custom_page_level_css":"","site-sidebar-layout":"default","site-content-layout":"plain-container","ast-site-content-layout":"normal-width-container","site-content-style":"unboxed","site-sidebar-style":"unboxed","ast-global-header-display":"","ast-banner-title-visibility":"","ast-main-header-display":"","ast-hfb-above-header-display":"","ast-hfb-below-header-display":"","ast-hfb-mobile-header-display":"","site-post-title":"disabled","ast-breadcrumbs-content":"","ast-featured-img":"","footer-sml-layout":"","ast-disable-related-posts":"","theme-transparent-header-meta":"","adv-header-id-meta":"","stick-header-meta":"","header-above-stick-meta":"","header-main-stick-meta":"","header-below-stick-meta":"","astra-migrate-meta-layouts":"set","ast-page-background-enabled":"default","ast-page-background-meta":{"desktop":{"background-color":"","background-image":"","background-repeat":"repeat","background-position":"center center","background-size":"auto","background-attachment":"scroll","background-type":"","background-media":"","overlay-type":"","overlay-color":"","overlay-opacity":"","overlay-gradient":""},"tablet":{"background-color":"","background-image":"","background-repeat":"repeat","background-position":"center center","background-size":"auto","background-attachment":"scroll","background-type":"","background-media":"","overlay-type":"","overlay-color":"","overlay-opacity":"","overlay-gradient":""},"mobile":{"background-color":"","background-image":"","background-repeat":"repeat","background-position":"center center","background-size":"auto","background-attachment":"scroll","background-type":"","background-media":"","overlay-type":"","overlay-color":"","overlay-opacity":"","overlay-gradient":""}},"ast-content-background-meta":{"desktop":{"background-color":"var(--ast-global-color-5)","background-image":"","background-repeat":"repeat","background-position":"center center","background-size":"auto","background-attachment":"scroll","background-type":"","background-media":"","overlay-type":"","overlay-color":"","overlay-opacity":"","overlay-gradient":""},"tablet":{"background-color":"var(--ast-global-color-5)","background-image":"","background-repeat":"repeat","background-position":"center center","background-size":"auto","background-attachment":"scroll","background-type":"","background-media":"","overlay-type":"","overlay-color":"","overlay-opacity":"","overlay-gradient":""},"mobile":{"background-color":"var(--ast-global-color-5)","background-image":"","background-repeat":"repeat","background-position":"center center","background-size":"auto","background-attachment":"scroll","background-type":"","background-media":"","overlay-type":"","overlay-color":"","overlay-opacity":"","overlay-gradient":""}},"footnotes":""},"class_list":["post-2686","page","type-page","status-publish","hentry"],"uagb_featured_image_src":{"full":false,"thumbnail":false,"medium":false,"medium_large":false,"large":false,"1536x1536":false,"2048x2048":false,"trp-custom-language-flag":false},"uagb_author_info":{"display_name":"Equipe Corpo Equilibrado","author_link":"https:\/\/corpoequilibrado.com.br\/en\/author\/rcastello20gmail-com\/"},"uagb_comment_info":0,"uagb_excerpt":"Contato Se voc\u00ea deseja entrar em contato conosco, seja para tirar d\u00favidas, enviar sugest\u00f5es, propor parcerias ou reportar algum problema no site, fique \u00e0 vontade para nos escrever. Voc\u00ea pode enviar um e-mail diretamente para: blog.corpoequilibrado@gmail.com Responderemos o mais r\u00e1pido [&hellip;]","_links":{"self":[{"href":"https:\/\/corpoequilibrado.com.br\/en\/wp-json\/wp\/v2\/pages\/2686","targetHints":{"allow":["GET"]}}],"collection":[{"href":"https:\/\/corpoequilibrado.com.br\/en\/wp-json\/wp\/v2\/pages"}],"about":[{"href":"https:\/\/corpoequilibrado.com.br\/en\/wp-json\/wp\/v2\/types\/page"}],"author":[{"embeddable":true,"href":"https:\/\/corpoequilibrado.com.br\/en\/wp-json\/wp\/v2\/users\/1"}],"replies":[{"embeddable":true,"href":"https:\/\/corpoequilibrado.com.br\/en\/wp-json\/wp\/v2\/comments?post=2686"}],"version-history":[{"count":0,"href":"https:\/\/corpoequilibrado.com.br\/en\/wp-json\/wp\/v2\/pages\/2686\/revisions"}],"wp:attachment":[{"href":"https:\/\/corpoequilibrado.com.br\/en\/wp-json\/wp\/v2\/media?parent=2686"}],"curies":[{"name":"wp","href":"https:\/\/api.w.org\/{rel}","templated":true}]}}