{"id":3889,"date":"2025-04-09T22:18:52","date_gmt":"2025-04-10T01:18:52","guid":{"rendered":"https:\/\/corpoequilibrado.com.br\/?page_id=3889"},"modified":"2025-04-09T22:18:54","modified_gmt":"2025-04-10T01:18:54","slug":"legal-notice","status":"publish","type":"page","link":"https:\/\/corpoequilibrado.com.br\/en\/legal-notice\/","title":{"rendered":"Legal Notice"},"content":{"rendered":"<h3 class=\"wp-block-heading\"><strong>Legal Notice<\/strong><\/h3>\n\n\n\n<p>The content made available on the blog <strong>Balanced Body<\/strong> has character <strong>exclusively informative and educational<\/strong>. Our goal is to share information based on reliable sources, studies, experiences and public content on health, well-being, supplementation, sleep, nutrition, quality of life and related topics.<\/p>\n\n\n\n<p><strong>The information published here does not replace, under any circumstances, the monitoring and guidance of qualified professionals.<\/strong>, such as doctors, nutritionists, psychologists or other health specialists.<\/p>\n\n\n\n<p>We strongly recommend that any decisions regarding treatments, diets, supplement use or lifestyle changes be made with the appropriate guidance from a healthcare professional.<\/p>\n\n\n\n<p>THE <strong>Balanced Body<\/strong> is not responsible for interpretations, applications or consequences resulting from the direct or indirect use of the information made available on this website.<\/p>\n\n\n\n<hr class=\"wp-block-separator has-alpha-channel-opacity\"\/>\n\n\n\n<p><strong>Last updated date:<\/strong> April 2025<\/p>","protected":false},"excerpt":{"rendered":"<p>Aviso Legal O conte\u00fado disponibilizado no blog Corpo Equilibrado tem car\u00e1ter exclusivamente informativo e educativo. Nosso objetivo \u00e9 compartilhar informa\u00e7\u00f5es baseadas em fontes confi\u00e1veis, estudos, experi\u00eancias e conte\u00fados p\u00fablicos sobre sa\u00fade, bem-estar, suplementa\u00e7\u00e3o, sono, alimenta\u00e7\u00e3o, qualidade de vida e temas [&hellip;]<\/p>","protected":false},"author":1,"featured_media":0,"parent":0,"menu_order":0,"comment_status":"closed","ping_status":"closed","template":"","meta":{"_uag_custom_page_level_css":"","site-sidebar-layout":"default","site-content-layout":"","ast-site-content-layout":"default","site-content-style":"default","site-sidebar-style":"default","ast-global-header-display":"","ast-banner-title-visibility":"","ast-main-header-display":"","ast-hfb-above-header-display":"","ast-hfb-below-header-display":"","ast-hfb-mobile-header-display":"","site-post-title":"","ast-breadcrumbs-content":"","ast-featured-img":"","footer-sml-layout":"","ast-disable-related-posts":"","theme-transparent-header-meta":"","adv-header-id-meta":"","stick-header-meta":"","header-above-stick-meta":"","header-main-stick-meta":"","header-below-stick-meta":"","astra-migrate-meta-layouts":"set","ast-page-background-enabled":"default","ast-page-background-meta":{"desktop":{"background-color":"","background-image":"","background-repeat":"repeat","background-position":"center center","background-size":"auto","background-attachment":"scroll","background-type":"","background-media":"","overlay-type":"","overlay-color":"","overlay-opacity":"","overlay-gradient":""},"tablet":{"background-color":"","background-image":"","background-repeat":"repeat","background-position":"center center","background-size":"auto","background-attachment":"scroll","background-type":"","background-media":"","overlay-type":"","overlay-color":"","overlay-opacity":"","overlay-gradient":""},"mobile":{"background-color":"","background-image":"","background-repeat":"repeat","background-position":"center center","background-size":"auto","background-attachment":"scroll","background-type":"","background-media":"","overlay-type":"","overlay-color":"","overlay-opacity":"","overlay-gradient":""}},"ast-content-background-meta":{"desktop":{"background-color":"var(--ast-global-color-5)","background-image":"","background-repeat":"repeat","background-position":"center center","background-size":"auto","background-attachment":"scroll","background-type":"","background-media":"","overlay-type":"","overlay-color":"","overlay-opacity":"","overlay-gradient":""},"tablet":{"background-color":"var(--ast-global-color-5)","background-image":"","background-repeat":"repeat","background-position":"center center","background-size":"auto","background-attachment":"scroll","background-type":"","background-media":"","overlay-type":"","overlay-color":"","overlay-opacity":"","overlay-gradient":""},"mobile":{"background-color":"var(--ast-global-color-5)","background-image":"","background-repeat":"repeat","background-position":"center center","background-size":"auto","background-attachment":"scroll","background-type":"","background-media":"","overlay-type":"","overlay-color":"","overlay-opacity":"","overlay-gradient":""}},"footnotes":""},"class_list":["post-3889","page","type-page","status-publish","hentry"],"uagb_featured_image_src":{"full":false,"thumbnail":false,"medium":false,"medium_large":false,"large":false,"1536x1536":false,"2048x2048":false,"trp-custom-language-flag":false},"uagb_author_info":{"display_name":"Equipe Corpo Equilibrado","author_link":"https:\/\/corpoequilibrado.com.br\/en\/author\/rcastello20gmail-com\/"},"uagb_comment_info":0,"uagb_excerpt":"Aviso Legal O conte\u00fado disponibilizado no blog Corpo Equilibrado tem car\u00e1ter exclusivamente informativo e educativo. Nosso objetivo \u00e9 compartilhar informa\u00e7\u00f5es baseadas em fontes confi\u00e1veis, estudos, experi\u00eancias e conte\u00fados p\u00fablicos sobre sa\u00fade, bem-estar, suplementa\u00e7\u00e3o, sono, alimenta\u00e7\u00e3o, qualidade de vida e temas [&hellip;]","_links":{"self":[{"href":"https:\/\/corpoequilibrado.com.br\/en\/wp-json\/wp\/v2\/pages\/3889","targetHints":{"allow":["GET"]}}],"collection":[{"href":"https:\/\/corpoequilibrado.com.br\/en\/wp-json\/wp\/v2\/pages"}],"about":[{"href":"https:\/\/corpoequilibrado.com.br\/en\/wp-json\/wp\/v2\/types\/page"}],"author":[{"embeddable":true,"href":"https:\/\/corpoequilibrado.com.br\/en\/wp-json\/wp\/v2\/users\/1"}],"replies":[{"embeddable":true,"href":"https:\/\/corpoequilibrado.com.br\/en\/wp-json\/wp\/v2\/comments?post=3889"}],"version-history":[{"count":0,"href":"https:\/\/corpoequilibrado.com.br\/en\/wp-json\/wp\/v2\/pages\/3889\/revisions"}],"wp:attachment":[{"href":"https:\/\/corpoequilibrado.com.br\/en\/wp-json\/wp\/v2\/media?parent=3889"}],"curies":[{"name":"wp","href":"https:\/\/api.w.org\/{rel}","templated":true}]}}